{"id":543,"date":"2022-12-04T15:33:12","date_gmt":"2022-12-04T12:33:12","guid":{"rendered":"https:\/\/tmkmakine.com\/?page_id=543"},"modified":"2023-01-09T12:38:52","modified_gmt":"2023-01-09T09:38:52","slug":"teklif-talep-formu","status":"publish","type":"page","link":"https:\/\/tmkmakine.com\/tr\/iletisim\/teklif-talep-formu\/","title":{"rendered":"Teklif \u0130steme Formu"},"content":{"rendered":"\t\t<div data-elementor-type=\"wp-page\" data-elementor-id=\"543\" class=\"elementor elementor-543\">\n\t\t\t\t\t\t\t\t\t<section class=\"elementor-section elementor-top-section elementor-element elementor-element-00154df elementor-section-boxed elementor-section-height-default elementor-section-height-default\" data-id=\"00154df\" data-element_type=\"section\" data-settings=\"{&quot;_ha_eqh_enable&quot;:false}\">\n\t\t\t\t\t\t<div class=\"elementor-container elementor-column-gap-default\">\n\t\t\t\t\t<div class=\"elementor-column elementor-col-100 elementor-top-column elementor-element elementor-element-94c7af7\" data-id=\"94c7af7\" data-element_type=\"column\">\n\t\t\t<div class=\"elementor-widget-wrap elementor-element-populated\">\n\t\t\t\t\t\t\t\t<div class=\"elementor-element elementor-element-d507208 elementor-widget elementor-widget-text-editor\" data-id=\"d507208\" data-element_type=\"widget\" data-widget_type=\"text-editor.default\">\n\t\t\t\t<div class=\"elementor-widget-container\">\n\t\t\t<style>\/*! elementor - v3.9.2 - 21-12-2022 *\/\n.elementor-widget-text-editor.elementor-drop-cap-view-stacked .elementor-drop-cap{background-color:#818a91;color:#fff}.elementor-widget-text-editor.elementor-drop-cap-view-framed .elementor-drop-cap{color:#818a91;border:3px solid;background-color:transparent}.elementor-widget-text-editor:not(.elementor-drop-cap-view-default) .elementor-drop-cap{margin-top:8px}.elementor-widget-text-editor:not(.elementor-drop-cap-view-default) .elementor-drop-cap-letter{width:1em;height:1em}.elementor-widget-text-editor .elementor-drop-cap{float:left;text-align:center;line-height:1;font-size:50px}.elementor-widget-text-editor .elementor-drop-cap-letter{display:inline-block}<\/style>\t\t\t\t<p>L\u00fctfen a\u015fa\u011f\u0131daki formu kullanarak bizden teklif isteyin. PDF ve JPeg gibi yayg\u0131n formatlardadosya y\u00fckleyebilirsiniz.<\/p><p>Size en k\u0131sa s\u00fcrede d\u00f6n\u00fc\u015f yapaca\u011f\u0131z.<\/p>\t\t\t\t\t\t<\/div>\n\t\t\t\t<\/div>\n\t\t\t\t<div class=\"elementor-element elementor-element-71658b0 elementor-widget elementor-widget-heading\" data-id=\"71658b0\" data-element_type=\"widget\" data-widget_type=\"heading.default\">\n\t\t\t\t<div class=\"elementor-widget-container\">\n\t\t\t<style>\/*! elementor - v3.9.2 - 21-12-2022 *\/\n.elementor-heading-title{padding:0;margin:0;line-height:1}.elementor-widget-heading .elementor-heading-title[class*=elementor-size-]>a{color:inherit;font-size:inherit;line-height:inherit}.elementor-widget-heading .elementor-heading-title.elementor-size-small{font-size:15px}.elementor-widget-heading .elementor-heading-title.elementor-size-medium{font-size:19px}.elementor-widget-heading .elementor-heading-title.elementor-size-large{font-size:29px}.elementor-widget-heading .elementor-heading-title.elementor-size-xl{font-size:39px}.elementor-widget-heading .elementor-heading-title.elementor-size-xxl{font-size:59px}<\/style><h2 class=\"elementor-heading-title elementor-size-default\">Teklif \u0130steme Formu<\/h2>\t\t<\/div>\n\t\t\t\t<\/div>\n\t\t\t\t<div class=\"elementor-element elementor-element-13af1b9 elementor-widget elementor-widget-shortcode\" data-id=\"13af1b9\" data-element_type=\"widget\" data-widget_type=\"shortcode.default\">\n\t\t\t\t<div class=\"elementor-widget-container\">\n\t\t\t\t\t<div class=\"elementor-shortcode\"><div class=\"forminator-ui forminator-custom-form forminator-custom-form-1190 forminator-design--default  forminator_ajax\" data-forminator-render=\"0\" data-form=\"forminator-module-1190\" data-uid=\"69dce3e878380\"><br\/><\/div><form\n\t\t\t\tid=\"forminator-module-1190\"\n\t\t\t\tclass=\"forminator-ui forminator-custom-form forminator-custom-form-1190 forminator-design--default  forminator_ajax\"\n\t\t\t\tmethod=\"post\"\n\t\t\t\tdata-forminator-render=\"0\"\n\t\t\t\tdata-form-id=\"1190\"\n\t\t\t\t\n\t\t\t\tdata-design=\"default\"\n\t\t\t\t\n\t\t\t\t\n\t\t\t\t\n\t\t\t\tdata-grid=\"open\"\n\t\t\t\tenctype=\"multipart\/form-data\"\n\t\t\t\t\n\t\t\t\tstyle=\"display: none;\"\n\t\t\t\t\n\t\t\t\tdata-uid=\"69dce3e878380\"\n\t\t\t><div class=\"forminator-response-message forminator-error\" aria-hidden=\"true\"><\/div><div class=\"forminator-row\"><div id=\"checkbox-1\" class=\"forminator-col forminator-col-12 \"><div role=\"group\" class=\"forminator-field required\" aria-labelledby=\"forminator-checkbox-group-69dce3e878380-label\"><h4 id=\"forminator-checkbox-group-69dce3e878380-label\" class=\"forminator-label\">Hizmetler <span class=\"forminator-required\">*<\/span><\/h4><label for=\"forminator-field-checkbox-1-1-69dce3e878380\" class=\"forminator-checkbox\" title=\"Sac Bask\u0131 Kal\u0131b\u0131\"><input type=\"checkbox\" name=\"checkbox-1[]\" value=\"service-1\" id=\"forminator-field-checkbox-1-1-69dce3e878380\" data-calculation=\"0\"  aria-describedby=\"forminator-field-checkbox-1-69dce3e878380-description\"\/><span class=\"forminator-checkbox-box\" aria-hidden=\"true\"><\/span><span class=\"forminator-checkbox-label\">Sac Bask\u0131 Kal\u0131b\u0131<\/span><\/label><label for=\"forminator-field-checkbox-1-2-69dce3e878380\" class=\"forminator-checkbox\" title=\"Sac Par\u00e7a \u0130malat\u0131\"><input type=\"checkbox\" name=\"checkbox-1[]\" value=\"service-2\" id=\"forminator-field-checkbox-1-2-69dce3e878380\" data-calculation=\"0\"  aria-describedby=\"forminator-field-checkbox-1-69dce3e878380-description\"\/><span class=\"forminator-checkbox-box\" aria-hidden=\"true\"><\/span><span class=\"forminator-checkbox-label\">Sac Par\u00e7a \u0130malat\u0131<\/span><\/label><span id=\"forminator-field-checkbox-1-69dce3e878380-description\" class=\"forminator-description\">Hizmet Se\u00e7in<\/span><\/div><\/div><\/div><div class=\"forminator-row\"><div id=\"textarea-1\" class=\"forminator-col forminator-col-12 \"><div class=\"forminator-field\"><label for=\"forminator-field-textarea-1_69dce3e878380\" class=\"forminator-label\">Ek Notlar<\/label><textarea name=\"textarea-1\" placeholder=\"\" id=\"forminator-field-textarea-1_69dce3e878380\" class=\"forminator-textarea\" rows=\"6\" style=\"min-height:140px;\" maxlength=\"180\" ><\/textarea><span id=\"forminator-field-textarea-1_69dce3e878380-description\" class=\"forminator-description\"><span data-limit=\"180\" data-type=\"characters\">0 \/ 180<\/span><\/span><\/div><\/div><\/div><div class=\"forminator-row\"><div id=\"upload-1\" class=\"forminator-col forminator-col-12 \"><div class=\"forminator-field\"><label for=\"forminator-field-upload-1_69dce3e878380\" class=\"forminator-label\">Dosya Y\u00fckleyin<\/label><div class=\"forminator-multi-upload \" data-element=\"upload-1_69dce3e878380\" aria-describedby=\"forminator-field-upload-1_69dce3e878380-description\"><input type=\"file\" name=\"upload-1[]\" id=\"forminator-field-upload-1_69dce3e878380\" class=\"forminator-input-file forminator-field-upload-1_69dce3e878380-1190\" multiple=\"multiple\" data-method=\"ajax\" accept=\".webp,.tar,.zip,.gz,.gzip,.rar,.7z,.json,.xml,.jpg,.jpeg,.jpe,.png,.tiff,.tif,.doc,.pot,.pps,.ppt,.docx,.docm,.odt,.odp,.pdf,.txt,.asc,.c,.cc,.h,.srt,.csv,.xla,.xls,.xlt,.xlw,.xlsx,.ods,.pptx\" data-limit=\"3\" data-limit-message=\"En fazla 3 dosya y\u00fckleyebilirsiniz.\" data-size=\"8000000\" data-size-message=\"\u0130zin verilen en b\u00fcy\u00fck dosya boyutu 8 MB.\" data-filetype=\"webp|tar|zip|gz|gzip|rar|7z|json|xml|jpg|jpeg|jpe|png|tiff|tif|doc|pot|pps|ppt|docx|docm|odt|odp|pdf|txt|asc|c|cc|h|srt|csv|xla|xls|xlt|xlw|xlsx|ods|pptx\" data-filetype-message=\"dosya uzant\u0131s\u0131na izin verilmiyor.\"><div class=\"forminator-multi-upload-message\" aria-hidden=\"true\"><span class=\"forminator-icon-upload\" aria-hidden=\"true\"><\/span><p>S\u00fcr\u00fckle ve B\u0131rak (veya) <a class=\"forminator-upload-file--forminator-field-upload-1_69dce3e878380\" href=\"javascript:void(0)\">Dosyalar\u0131 Se\u00e7<\/a><\/p><\/div><\/div><ul class=\"forminator-uploaded-files upload-container-upload-1_69dce3e878380\"><\/ul><\/div><\/div><\/div><div class=\"forminator-row\"><div id=\"name-1\" class=\"forminator-col forminator-col-12 \"><div class=\"forminator-row forminator-no-margin\" data-multiple=\"true\"><div class=\"forminator-col forminator-col-md-6\"><div class=\"forminator-field\"><label for=\"forminator-field-first-name-1_69dce3e878380\" class=\"forminator-label\">Ad\u0131n\u0131z\u0131 <span class=\"forminator-required\">*<\/span><\/label><input type=\"text\" name=\"name-1-first-name\" placeholder=\"\" id=\"forminator-field-first-name-1_69dce3e878380\" class=\"forminator-input\" aria-required=\"true\" data-multi=\"1\" value=\"\" \/><\/div><\/div><div class=\"forminator-col forminator-col-md-6\"><div class=\"forminator-field\"><label for=\"forminator-field-last-name-1_69dce3e878380\" class=\"forminator-label\">Soyad\u0131n\u0131z <span class=\"forminator-required\">*<\/span><\/label><input type=\"text\" name=\"name-1-last-name\" placeholder=\"\" id=\"forminator-field-last-name-1_69dce3e878380\" class=\"forminator-input\" aria-required=\"true\" data-multi=\"1\" value=\"\" \/><\/div><\/div><\/div><\/div><\/div><div class=\"forminator-row\"><div id=\"text-1\" class=\"forminator-col forminator-col-12 \"><div class=\"forminator-field\"><label for=\"forminator-field-text-1_69dce3e878380\" class=\"forminator-label\">\u015eirket \u00dcnvan\u0131 <span class=\"forminator-required\">*<\/span><\/label><input type=\"text\" name=\"text-1\" value=\"\" placeholder=\"\" id=\"forminator-field-text-1_69dce3e878380\" class=\"forminator-input forminator-name--field\" data-required=\"1\" \/><\/div><\/div><\/div><div class=\"forminator-row\"><div id=\"email-1\" class=\"forminator-col forminator-col-12 \"><div class=\"forminator-field\"><label for=\"forminator-field-email-1_69dce3e878380\" class=\"forminator-label\">E-Posta Adresi <span class=\"forminator-required\">*<\/span><\/label><input type=\"email\" name=\"email-1\" value=\"\" placeholder=\"\" id=\"forminator-field-email-1_69dce3e878380\" class=\"forminator-input forminator-email--field\" data-required=\"true\" aria-required=\"true\" \/><\/div><\/div><\/div><div class=\"forminator-row\"><div id=\"phone-1\" class=\"forminator-col forminator-col-12 \"><div class=\"forminator-field\"><label for=\"forminator-field-phone-1_69dce3e878380\" class=\"forminator-label\">Telefon No <span class=\"forminator-required\">*<\/span><\/label><input type=\"text\" name=\"phone-1\" value=\"\" placeholder=\"\" id=\"forminator-field-phone-1_69dce3e878380\" class=\"forminator-input forminator-field--phone\" data-required=\"1\" aria-required=\"true\" autocomplete=\"off\" data-validation=\"1\" \/><\/div><\/div><\/div><div class=\"forminator-row\"><div id=\"address-1\" class=\"forminator-col forminator-col-12 \"><div class=\"forminator-row\" data-multiple=\"false\"><div id=\"address-1-city\" class=\"forminator-col forminator-col-12\"><div class=\"forminator-field\"><label for=\"forminator-field-city-address-1_69dce3e878380\" class=\"forminator-label\">\u015eehir<\/label><input type=\"text\" name=\"address-1-city\" placeholder=\"\" id=\"forminator-field-city-address-1_69dce3e878380\" class=\"forminator-input\" data-required=\"\" aria-required=\"false\" value=\"\" \/><\/div><\/div><\/div><\/div><\/div><div class=\"forminator-row\"><div id=\"captcha-1\" class=\"forminator-col forminator-col-12 \"><div class=\"forminator-g-recaptcha\" data-theme=\"light\"  data-sitekey=\"6Lef8eEjAAAAACVRsVdBvN7-h1YYdJdU1iPGSuXv\" data-size=\"normal\"><\/div> <\/div><\/div><input type=\"hidden\" name=\"referer_url\" value=\"\" \/><div class=\"forminator-row forminator-row-last\"><div class=\"forminator-col\"><div class=\"forminator-field\"><button class=\"forminator-button forminator-button-submit\">Teklif \u0130steyin<\/button><\/div><\/div><\/div><input type=\"hidden\" id=\"forminator_nonce\" name=\"forminator_nonce\" value=\"13e954750a\" \/><input type=\"hidden\" name=\"_wp_http_referer\" value=\"\/tr\/wp-json\/wp\/v2\/pages\/543\" \/><input type=\"hidden\" name=\"form_id\" value=\"1190\"><input type=\"hidden\" name=\"page_id\" value=\"543\"><input type=\"hidden\" name=\"form_type\" value=\"default\"><input type=\"hidden\" name=\"current_url\" value=\"https:\/\/tmkmakine.com\/tr\/iletisim\/teklif-talep-formu\/\"><input type=\"hidden\" name=\"render_id\" value=\"0\"><input type=\"hidden\" name=\"forminator-multifile-hidden\" class=\"forminator-multifile-hidden\"><input type=\"hidden\" name=\"action\" value=\"forminator_submit_form_custom-forms\"><\/form><\/div>\n\t\t\t\t<\/div>\n\t\t\t\t<\/div>\n\t\t\t\t\t<\/div>\n\t\t<\/div>\n\t\t\t\t\t\t\t<\/div>\n\t\t<\/section>\n\t\t\t\t\t\t\t<\/div>\n\t\t","protected":false},"excerpt":{"rendered":"<p>L\u00fctfen a\u015fa\u011f\u0131daki formu kullanarak bizden teklif isteyin. PDF ve JPeg gibi yayg\u0131n formatlardadosya y\u00fckleyebilirsiniz. Size en k\u0131sa s\u00fcrede d\u00f6n\u00fc\u015f yapaca\u011f\u0131z. Teklif \u0130steme Formu<\/p>\n","protected":false},"author":2,"featured_media":0,"parent":324,"menu_order":0,"comment_status":"closed","ping_status":"closed","template":"","meta":{"footnotes":""},"class_list":["post-543","page","type-page","status-publish","hentry","entry"],"_links":{"self":[{"href":"https:\/\/tmkmakine.com\/tr\/wp-json\/wp\/v2\/pages\/543","targetHints":{"allow":["GET"]}}],"collection":[{"href":"https:\/\/tmkmakine.com\/tr\/wp-json\/wp\/v2\/pages"}],"about":[{"href":"https:\/\/tmkmakine.com\/tr\/wp-json\/wp\/v2\/types\/page"}],"author":[{"embeddable":true,"href":"https:\/\/tmkmakine.com\/tr\/wp-json\/wp\/v2\/users\/2"}],"replies":[{"embeddable":true,"href":"https:\/\/tmkmakine.com\/tr\/wp-json\/wp\/v2\/comments?post=543"}],"version-history":[{"count":4,"href":"https:\/\/tmkmakine.com\/tr\/wp-json\/wp\/v2\/pages\/543\/revisions"}],"predecessor-version":[{"id":1193,"href":"https:\/\/tmkmakine.com\/tr\/wp-json\/wp\/v2\/pages\/543\/revisions\/1193"}],"up":[{"embeddable":true,"href":"https:\/\/tmkmakine.com\/tr\/wp-json\/wp\/v2\/pages\/324"}],"wp:attachment":[{"href":"https:\/\/tmkmakine.com\/tr\/wp-json\/wp\/v2\/media?parent=543"}],"curies":[{"name":"wp","href":"https:\/\/api.w.org\/{rel}","templated":true}]}}