{"id":402,"date":"2022-12-03T14:38:53","date_gmt":"2022-12-03T11:38:53","guid":{"rendered":"https:\/\/tmkmakine.com\/?page_id=402"},"modified":"2023-01-26T16:16:38","modified_gmt":"2023-01-26T13:16:38","slug":"kalite","status":"publish","type":"page","link":"https:\/\/tmkmakine.com\/tr\/kurumsal\/kalite\/","title":{"rendered":"Kalite Politikam\u0131z ve Belgelerimiz"},"content":{"rendered":"\t\t<div data-elementor-type=\"wp-page\" data-elementor-id=\"402\" class=\"elementor elementor-402\">\n\t\t\t\t\t\t\t\t\t<section class=\"elementor-section elementor-top-section elementor-element elementor-element-f0e7db0 elementor-section-boxed elementor-section-height-default elementor-section-height-default\" data-id=\"f0e7db0\" data-element_type=\"section\" data-settings=\"{&quot;_ha_eqh_enable&quot;:false}\">\n\t\t\t\t\t\t<div class=\"elementor-container elementor-column-gap-default\">\n\t\t\t\t\t<div class=\"elementor-column elementor-col-100 elementor-top-column elementor-element elementor-element-10a757d\" data-id=\"10a757d\" data-element_type=\"column\">\n\t\t\t<div class=\"elementor-widget-wrap elementor-element-populated\">\n\t\t\t\t\t\t\t\t<div class=\"elementor-element elementor-element-0fb83ff elementor-widget elementor-widget-heading\" data-id=\"0fb83ff\" data-element_type=\"widget\" data-widget_type=\"heading.default\">\n\t\t\t\t<div class=\"elementor-widget-container\">\n\t\t\t<style>\/*! elementor - v3.9.2 - 21-12-2022 *\/\n.elementor-heading-title{padding:0;margin:0;line-height:1}.elementor-widget-heading .elementor-heading-title[class*=elementor-size-]>a{color:inherit;font-size:inherit;line-height:inherit}.elementor-widget-heading .elementor-heading-title.elementor-size-small{font-size:15px}.elementor-widget-heading .elementor-heading-title.elementor-size-medium{font-size:19px}.elementor-widget-heading .elementor-heading-title.elementor-size-large{font-size:29px}.elementor-widget-heading .elementor-heading-title.elementor-size-xl{font-size:39px}.elementor-widget-heading .elementor-heading-title.elementor-size-xxl{font-size:59px}<\/style><h2 class=\"elementor-heading-title elementor-size-default\">Kalite Politikam\u0131z<\/h2>\t\t<\/div>\n\t\t\t\t<\/div>\n\t\t\t\t<div class=\"elementor-element elementor-element-2ec4c00 elementor-widget elementor-widget-text-editor\" data-id=\"2ec4c00\" data-element_type=\"widget\" data-widget_type=\"text-editor.default\">\n\t\t\t\t<div class=\"elementor-widget-container\">\n\t\t\t<style>\/*! elementor - v3.9.2 - 21-12-2022 *\/\n.elementor-widget-text-editor.elementor-drop-cap-view-stacked .elementor-drop-cap{background-color:#818a91;color:#fff}.elementor-widget-text-editor.elementor-drop-cap-view-framed .elementor-drop-cap{color:#818a91;border:3px solid;background-color:transparent}.elementor-widget-text-editor:not(.elementor-drop-cap-view-default) .elementor-drop-cap{margin-top:8px}.elementor-widget-text-editor:not(.elementor-drop-cap-view-default) .elementor-drop-cap-letter{width:1em;height:1em}.elementor-widget-text-editor .elementor-drop-cap{float:left;text-align:center;line-height:1;font-size:50px}.elementor-widget-text-editor .elementor-drop-cap-letter{display:inline-block}<\/style>\t\t\t\t<ul><li>M\u00fc\u015fteri ihtiya\u00e7 ve beklentilerini anlayarak ve bunlar\u0131 kar\u015f\u0131layacak \u015fekilde m\u00fc\u015fteri \u015fartlar\u0131na, ulusal ve uluslararas\u0131 standartlara ve yasal gerekliliklere uygun olarak kaliteli \u00fcretim yapmak.<\/li><li>S\u00fcrekli geli\u015fim ve yenilik\u00e7i d\u00fc\u015f\u00fcnce prensibiyle sekt\u00f6rdeki pazar pay\u0131m\u0131z\u0131 ve \u00fcr\u00fcn kalitemizi her d\u00f6nem bir \u00f6nceki d\u00f6neme g\u00f6re geli\u015ftirmek.<\/li><li>T\u00fcm \u00e7al\u0131\u015fanlar\u0131m\u0131z\u0131n deste\u011fiyle firma hedeflerimize ula\u015fabilmek ve daha da ileri g\u00f6t\u00fcrebilmek i\u00e7in gayret g\u00f6stermek.<\/li><li>Teknolojik geli\u015fmeleri e\u011fitim prensibi ile uyumunu sa\u011flayarak maliyeti d\u00fc\u015f\u00fcrmek ve verimlili\u011fi artt\u0131rmak.<\/li><li>S\u00fcrekli iyile\u015ftirmeyi t\u00fcm kalite y\u00f6netim sistemi s\u00fcre\u00e7lerine uygulamak.<\/li><li>Kalite Y\u00f6netim Sistemimizi bu ilke ve hedefler dahilinde uygulanabilmesi i\u00e7in t\u00fcm destek ve kayna\u011f\u0131 temin edece\u011fimize taahh\u00fct ederiz.<\/li><\/ul>\t\t\t\t\t\t<\/div>\n\t\t\t\t<\/div>\n\t\t\t\t\t<\/div>\n\t\t<\/div>\n\t\t\t\t\t\t\t<\/div>\n\t\t<\/section>\n\t\t\t\t<section class=\"elementor-section elementor-top-section elementor-element elementor-element-9f167c8 elementor-section-boxed elementor-section-height-default elementor-section-height-default\" data-id=\"9f167c8\" data-element_type=\"section\" data-settings=\"{&quot;_ha_eqh_enable&quot;:false}\">\n\t\t\t\t\t\t<div class=\"elementor-container elementor-column-gap-default\">\n\t\t\t\t\t<div class=\"elementor-column elementor-col-100 elementor-top-column elementor-element elementor-element-f651162\" data-id=\"f651162\" data-element_type=\"column\">\n\t\t\t<div class=\"elementor-widget-wrap elementor-element-populated\">\n\t\t\t\t\t\t\t\t<div class=\"elementor-element elementor-element-f7468d3 elementor-widget elementor-widget-heading\" data-id=\"f7468d3\" data-element_type=\"widget\" data-widget_type=\"heading.default\">\n\t\t\t\t<div class=\"elementor-widget-container\">\n\t\t\t<h2 class=\"elementor-heading-title elementor-size-default\">Sertifikalar\u0131m\u0131z<\/h2>\t\t<\/div>\n\t\t\t\t<\/div>\n\t\t\t\t<div class=\"elementor-element elementor-element-e71771c elementor-widget elementor-widget-text-editor\" data-id=\"e71771c\" data-element_type=\"widget\" data-widget_type=\"text-editor.default\">\n\t\t\t\t<div class=\"elementor-widget-container\">\n\t\t\t\t\t\t\t<p>TMK Makina olarak a\u015fa\u011f\u0131daki belgelere sahibiz.<\/p>\t\t\t\t\t\t<\/div>\n\t\t\t\t<\/div>\n\t\t\t\t\t<\/div>\n\t\t<\/div>\n\t\t\t\t\t\t\t<\/div>\n\t\t<\/section>\n\t\t\t\t<section class=\"elementor-section elementor-top-section elementor-element elementor-element-0569b2f elementor-section-boxed elementor-section-height-default elementor-section-height-default\" data-id=\"0569b2f\" data-element_type=\"section\" data-settings=\"{&quot;_ha_eqh_enable&quot;:false}\">\n\t\t\t\t\t\t<div class=\"elementor-container elementor-column-gap-default\">\n\t\t\t\t\t<div class=\"elementor-column elementor-col-33 elementor-top-column elementor-element elementor-element-9a140fb\" data-id=\"9a140fb\" data-element_type=\"column\">\n\t\t\t<div class=\"elementor-widget-wrap elementor-element-populated\">\n\t\t\t\t\t\t\t\t<div class=\"elementor-element elementor-element-9668649 elementor-widget elementor-widget-image\" data-id=\"9668649\" data-element_type=\"widget\" data-widget_type=\"image.default\">\n\t\t\t\t<div class=\"elementor-widget-container\">\n\t\t\t<style>\/*! elementor - v3.9.2 - 21-12-2022 *\/\n.elementor-widget-image{text-align:center}.elementor-widget-image a{display:inline-block}.elementor-widget-image a img[src$=\".svg\"]{width:48px}.elementor-widget-image img{vertical-align:middle;display:inline-block}<\/style>\t\t\t\t\t\t\t\t\t\t\t\t\t<a href=\"https:\/\/tmkmakine.com\/wp-content\/uploads\/2022\/12\/iso-9001-2015.jpg\" data-elementor-open-lightbox=\"yes\" e-action-hash=\"#elementor-action%3Aaction%3Dlightbox%26settings%3DeyJpZCI6NzA1LCJ1cmwiOmZhbHNlfQ%3D%3D\">\n\t\t\t\t\t\t\t<img decoding=\"async\" src=\"https:\/\/tmkmakine.com\/wp-content\/uploads\/2022\/12\/iso-9001-2015.jpg\" title=\"\" alt=\"iso 9001:2015 quality management certificate\" \/>\t\t\t\t\t\t\t\t<\/a>\n\t\t\t\t\t\t\t\t\t\t\t\t\t\t\t<\/div>\n\t\t\t\t<\/div>\n\t\t\t\t\t<\/div>\n\t\t<\/div>\n\t\t\t\t<div class=\"elementor-column elementor-col-33 elementor-top-column elementor-element elementor-element-ed223af\" data-id=\"ed223af\" data-element_type=\"column\">\n\t\t\t<div class=\"elementor-widget-wrap elementor-element-populated\">\n\t\t\t\t\t\t\t\t<div class=\"elementor-element elementor-element-7aaec85 elementor-widget elementor-widget-image\" data-id=\"7aaec85\" data-element_type=\"widget\" data-widget_type=\"image.default\">\n\t\t\t\t<div class=\"elementor-widget-container\">\n\t\t\t\t\t\t\t\t\t\t\t\t\t\t\t\t<a href=\"https:\/\/tmkmakine.com\/wp-content\/uploads\/2022\/12\/iso-14001.jpg\" data-elementor-open-lightbox=\"yes\" e-action-hash=\"#elementor-action%3Aaction%3Dlightbox%26settings%3DeyJpZCI6NzEyLCJ1cmwiOmZhbHNlfQ%3D%3D\">\n\t\t\t\t\t\t\t<img decoding=\"async\" src=\"https:\/\/tmkmakine.com\/wp-content\/uploads\/2022\/12\/iso-14001.jpg\" title=\"\" alt=\"iso 14001\" \/>\t\t\t\t\t\t\t\t<\/a>\n\t\t\t\t\t\t\t\t\t\t\t\t\t\t\t<\/div>\n\t\t\t\t<\/div>\n\t\t\t\t\t<\/div>\n\t\t<\/div>\n\t\t\t\t<div class=\"elementor-column elementor-col-33 elementor-top-column elementor-element elementor-element-a925871\" data-id=\"a925871\" data-element_type=\"column\">\n\t\t\t<div class=\"elementor-widget-wrap elementor-element-populated\">\n\t\t\t\t\t\t\t\t<div class=\"elementor-element elementor-element-6f77d1a elementor-widget elementor-widget-image\" data-id=\"6f77d1a\" data-element_type=\"widget\" data-widget_type=\"image.default\">\n\t\t\t\t<div class=\"elementor-widget-container\">\n\t\t\t\t\t\t\t\t\t\t\t\t\t\t\t\t<a href=\"https:\/\/tmkmakine.com\/wp-content\/uploads\/2022\/12\/iso-45001.jpg\" data-elementor-open-lightbox=\"yes\" e-action-hash=\"#elementor-action%3Aaction%3Dlightbox%26settings%3DeyJpZCI6NzEzLCJ1cmwiOmZhbHNlfQ%3D%3D\">\n\t\t\t\t\t\t\t<img decoding=\"async\" src=\"https:\/\/tmkmakine.com\/wp-content\/uploads\/2022\/12\/iso-45001.jpg\" title=\"\" alt=\"iso 45001\" \/>\t\t\t\t\t\t\t\t<\/a>\n\t\t\t\t\t\t\t\t\t\t\t\t\t\t\t<\/div>\n\t\t\t\t<\/div>\n\t\t\t\t\t<\/div>\n\t\t<\/div>\n\t\t\t\t\t\t\t<\/div>\n\t\t<\/section>\n\t\t\t\t\t\t\t<\/div>\n\t\t","protected":false},"excerpt":{"rendered":"<p>Kalite Politikam\u0131z M\u00fc\u015fteri ihtiya\u00e7 ve beklentilerini anlayarak ve bunlar\u0131 kar\u015f\u0131layacak \u015fekilde m\u00fc\u015fteri \u015fartlar\u0131na, ulusal ve uluslararas\u0131 standartlara ve yasal gerekliliklere uygun olarak kaliteli \u00fcretim yapmak. S\u00fcrekli geli\u015fim ve yenilik\u00e7i d\u00fc\u015f\u00fcnce prensibiyle sekt\u00f6rdeki pazar pay\u0131m\u0131z\u0131 ve \u00fcr\u00fcn kalitemizi her d\u00f6nem bir \u00f6nceki d\u00f6neme g\u00f6re geli\u015ftirmek. T\u00fcm \u00e7al\u0131\u015fanlar\u0131m\u0131z\u0131n deste\u011fiyle firma hedeflerimize ula\u015fabilmek ve daha da ileri g\u00f6t\u00fcrebilmek [&hellip;]<\/p>\n","protected":false},"author":2,"featured_media":0,"parent":326,"menu_order":0,"comment_status":"closed","ping_status":"closed","template":"","meta":{"footnotes":""},"class_list":["post-402","page","type-page","status-publish","hentry","entry"],"_links":{"self":[{"href":"https:\/\/tmkmakine.com\/tr\/wp-json\/wp\/v2\/pages\/402","targetHints":{"allow":["GET"]}}],"collection":[{"href":"https:\/\/tmkmakine.com\/tr\/wp-json\/wp\/v2\/pages"}],"about":[{"href":"https:\/\/tmkmakine.com\/tr\/wp-json\/wp\/v2\/types\/page"}],"author":[{"embeddable":true,"href":"https:\/\/tmkmakine.com\/tr\/wp-json\/wp\/v2\/users\/2"}],"replies":[{"embeddable":true,"href":"https:\/\/tmkmakine.com\/tr\/wp-json\/wp\/v2\/comments?post=402"}],"version-history":[{"count":6,"href":"https:\/\/tmkmakine.com\/tr\/wp-json\/wp\/v2\/pages\/402\/revisions"}],"predecessor-version":[{"id":1272,"href":"https:\/\/tmkmakine.com\/tr\/wp-json\/wp\/v2\/pages\/402\/revisions\/1272"}],"up":[{"embeddable":true,"href":"https:\/\/tmkmakine.com\/tr\/wp-json\/wp\/v2\/pages\/326"}],"wp:attachment":[{"href":"https:\/\/tmkmakine.com\/tr\/wp-json\/wp\/v2\/media?parent=402"}],"curies":[{"name":"wp","href":"https:\/\/api.w.org\/{rel}","templated":true}]}}