{"id":400,"date":"2022-12-03T14:38:00","date_gmt":"2022-12-03T11:38:00","guid":{"rendered":"https:\/\/tmkmakine.com\/?page_id=400"},"modified":"2023-01-09T13:37:15","modified_gmt":"2023-01-09T10:37:15","slug":"hakkimizda","status":"publish","type":"page","link":"https:\/\/tmkmakine.com\/tr\/kurumsal\/hakkimizda\/","title":{"rendered":"Hakk\u0131m\u0131zda"},"content":{"rendered":"\t\t<div data-elementor-type=\"wp-page\" data-elementor-id=\"400\" class=\"elementor elementor-400\">\n\t\t\t\t\t\t\t\t\t<section class=\"elementor-section elementor-top-section elementor-element elementor-element-b863351 elementor-section-boxed elementor-section-height-default elementor-section-height-default\" data-id=\"b863351\" data-element_type=\"section\" data-settings=\"{&quot;_ha_eqh_enable&quot;:false}\">\n\t\t\t\t\t\t<div class=\"elementor-container elementor-column-gap-default\">\n\t\t\t\t\t<div class=\"elementor-column elementor-col-50 elementor-top-column elementor-element elementor-element-e2751f9\" data-id=\"e2751f9\" data-element_type=\"column\">\n\t\t\t<div class=\"elementor-widget-wrap elementor-element-populated\">\n\t\t\t\t\t\t\t\t<div class=\"elementor-element elementor-element-2f69a8d elementor-widget elementor-widget-heading\" data-id=\"2f69a8d\" data-element_type=\"widget\" data-widget_type=\"heading.default\">\n\t\t\t\t<div class=\"elementor-widget-container\">\n\t\t\t<style>\/*! elementor - v3.9.2 - 21-12-2022 *\/\n.elementor-heading-title{padding:0;margin:0;line-height:1}.elementor-widget-heading .elementor-heading-title[class*=elementor-size-]>a{color:inherit;font-size:inherit;line-height:inherit}.elementor-widget-heading .elementor-heading-title.elementor-size-small{font-size:15px}.elementor-widget-heading .elementor-heading-title.elementor-size-medium{font-size:19px}.elementor-widget-heading .elementor-heading-title.elementor-size-large{font-size:29px}.elementor-widget-heading .elementor-heading-title.elementor-size-xl{font-size:39px}.elementor-widget-heading .elementor-heading-title.elementor-size-xxl{font-size:59px}<\/style><h2 class=\"elementor-heading-title elementor-size-default\">TMK Makina - Kal\u0131p Sekt\u00f6r\u00fcnde Uzmanl\u0131k<\/h2>\t\t<\/div>\n\t\t\t\t<\/div>\n\t\t\t\t<div class=\"elementor-element elementor-element-e0fc6ff elementor-widget elementor-widget-text-editor\" data-id=\"e0fc6ff\" data-element_type=\"widget\" data-widget_type=\"text-editor.default\">\n\t\t\t\t<div class=\"elementor-widget-container\">\n\t\t\t<style>\/*! elementor - v3.9.2 - 21-12-2022 *\/\n.elementor-widget-text-editor.elementor-drop-cap-view-stacked .elementor-drop-cap{background-color:#818a91;color:#fff}.elementor-widget-text-editor.elementor-drop-cap-view-framed .elementor-drop-cap{color:#818a91;border:3px solid;background-color:transparent}.elementor-widget-text-editor:not(.elementor-drop-cap-view-default) .elementor-drop-cap{margin-top:8px}.elementor-widget-text-editor:not(.elementor-drop-cap-view-default) .elementor-drop-cap-letter{width:1em;height:1em}.elementor-widget-text-editor .elementor-drop-cap{float:left;text-align:center;line-height:1;font-size:50px}.elementor-widget-text-editor .elementor-drop-cap-letter{display:inline-block}<\/style>\t\t\t\t<p><strong>Kal\u0131p Sekt\u00f6r\u00fcn\u00fcn Lideri<\/strong><\/p><p>Kal\u0131p sekt\u00f6r\u00fcne 2006 y\u0131l\u0131nda TEKN\u0130K MAK\u0130NA ad\u0131 alt\u0131nda ba\u015flayan firmam\u0131z bu sekt\u00f6rde \u00e7al\u0131\u015fmalar\u0131na sac kal\u0131plar\u0131 imalat\u0131 ve yedek par\u00e7a imalatlar\u0131 konular\u0131nda yapm\u0131\u015f oldu\u011fu \u00fcretimlerde ve yenilik\u00e7i de\u011fi\u015fimle 2011 y\u0131l\u0131nda TMK MAK\u0130NA KALIP SANAY\u0130 VE T\u0130CARET L\u0130M\u0130TED \u015e\u0130RKET\u0130 olarak faaliyetlerini s\u00fcrd\u00fcrmektedir.<\/p><p>TMK Makina beyaz e\u015fya,elektrik ve otomotiv sekt\u00f6rlerine kal\u0131p imalat\u0131 ve sac bask\u0131 imalat\u0131 yapan profesyonel bir firmad\u0131r. T\u00fcrkiye\u2019nin geli\u015fen sanayi altyap\u0131s\u0131nda \u00e7ok \u00f6nemli bir pozisyonunda yer almaktay\u0131z. Kal\u0131p tasar\u0131m\u0131 uygulamalar\u0131nda bir\u00e7ok g\u00fc\u00e7l\u00fc referanslar elde etmi\u015f bulunuyoruz.Yerli ve yabanc\u0131 t\u00fcm m\u00fc\u015fterilerimize te\u015fekk\u00fcr ederiz.<\/p>\t\t\t\t\t\t<\/div>\n\t\t\t\t<\/div>\n\t\t\t\t\t<\/div>\n\t\t<\/div>\n\t\t\t\t<div class=\"elementor-column elementor-col-50 elementor-top-column elementor-element elementor-element-11c4c2d\" data-id=\"11c4c2d\" data-element_type=\"column\">\n\t\t\t<div class=\"elementor-widget-wrap elementor-element-populated\">\n\t\t\t\t\t\t\t\t<div class=\"elementor-element elementor-element-f1d2b49 elementor-widget elementor-widget-image\" data-id=\"f1d2b49\" data-element_type=\"widget\" data-widget_type=\"image.default\">\n\t\t\t\t<div class=\"elementor-widget-container\">\n\t\t\t<style>\/*! elementor - v3.9.2 - 21-12-2022 *\/\n.elementor-widget-image{text-align:center}.elementor-widget-image a{display:inline-block}.elementor-widget-image a img[src$=\".svg\"]{width:48px}.elementor-widget-image img{vertical-align:middle;display:inline-block}<\/style>\t\t\t\t\t\t\t\t\t\t\t\t<img decoding=\"async\" src=\"https:\/\/tmkmakine.com\/wp-content\/uploads\/2022\/12\/TMK-Makina-Dies-Tools-Factory-Turkey-Istanbul.png\" title=\"\" alt=\"TMK Makina\" \/>\t\t\t\t\t\t\t\t\t\t\t\t\t\t\t<\/div>\n\t\t\t\t<\/div>\n\t\t\t\t\t<\/div>\n\t\t<\/div>\n\t\t\t\t\t\t\t<\/div>\n\t\t<\/section>\n\t\t\t\t<section class=\"elementor-section elementor-top-section elementor-element elementor-element-25c174f elementor-section-boxed elementor-section-height-default elementor-section-height-default\" data-id=\"25c174f\" data-element_type=\"section\" data-settings=\"{&quot;_ha_eqh_enable&quot;:false}\">\n\t\t\t\t\t\t<div class=\"elementor-container elementor-column-gap-default\">\n\t\t\t\t\t<div class=\"elementor-column elementor-col-50 elementor-top-column elementor-element elementor-element-739edbc\" data-id=\"739edbc\" data-element_type=\"column\">\n\t\t\t<div class=\"elementor-widget-wrap elementor-element-populated\">\n\t\t\t\t\t\t\t\t<div class=\"elementor-element elementor-element-a52aba5 elementor-widget elementor-widget-image\" data-id=\"a52aba5\" data-element_type=\"widget\" data-widget_type=\"image.default\">\n\t\t\t\t<div class=\"elementor-widget-container\">\n\t\t\t\t\t\t\t\t\t\t\t\t\t\t\t<img decoding=\"async\" src=\"https:\/\/tmkmakine.com\/wp-content\/uploads\/2022\/12\/large-stamping-dies-manufacturer-for-white-goods.jpg\" title=\"\" alt=\"Large stamping dies tools manufacturer\" \/>\t\t\t\t\t\t\t\t\t\t\t\t\t\t\t<\/div>\n\t\t\t\t<\/div>\n\t\t\t\t\t<\/div>\n\t\t<\/div>\n\t\t\t\t<div class=\"elementor-column elementor-col-50 elementor-top-column elementor-element elementor-element-6e208a4\" data-id=\"6e208a4\" data-element_type=\"column\">\n\t\t\t<div class=\"elementor-widget-wrap elementor-element-populated\">\n\t\t\t\t\t\t\t\t<div class=\"elementor-element elementor-element-ad329bf elementor-widget elementor-widget-heading\" data-id=\"ad329bf\" data-element_type=\"widget\" data-widget_type=\"heading.default\">\n\t\t\t\t<div class=\"elementor-widget-container\">\n\t\t\t<h2 class=\"elementor-heading-title elementor-size-default\">Misyon ve Vizyonumuz<\/h2>\t\t<\/div>\n\t\t\t\t<\/div>\n\t\t\t\t<div class=\"elementor-element elementor-element-e0c2aa7 elementor-widget elementor-widget-text-editor\" data-id=\"e0c2aa7\" data-element_type=\"widget\" data-widget_type=\"text-editor.default\">\n\t\t\t\t<div class=\"elementor-widget-container\">\n\t\t\t\t\t\t\t<p><strong>Misyonumuz:<\/strong><\/p><p>Teknoloji destekli, \u00fcretken olmak, sorunlara \u00e7\u00f6z\u00fcm getirmek ve ihtiyaca en uygun \u00fcr\u00fcnleri \u00fcretmektir<\/p><p><strong>Vizyonumuz:<\/strong><\/p><p>Kal\u0131p tasar\u0131m ve \u00fcretiminde yarat\u0131c\u0131, yenilik\u00e7i bir firma olmakt\u0131r.<\/p><p>\u00a0<\/p>\t\t\t\t\t\t<\/div>\n\t\t\t\t<\/div>\n\t\t\t\t\t<\/div>\n\t\t<\/div>\n\t\t\t\t\t\t\t<\/div>\n\t\t<\/section>\n\t\t\t\t<section class=\"elementor-section elementor-top-section elementor-element elementor-element-9346e84 elementor-section-boxed elementor-section-height-default elementor-section-height-default\" data-id=\"9346e84\" data-element_type=\"section\" data-settings=\"{&quot;_ha_eqh_enable&quot;:false}\">\n\t\t\t\t\t\t<div class=\"elementor-container elementor-column-gap-default\">\n\t\t\t\t\t<div class=\"elementor-column elementor-col-100 elementor-top-column elementor-element elementor-element-4716a7c\" data-id=\"4716a7c\" data-element_type=\"column\">\n\t\t\t<div class=\"elementor-widget-wrap elementor-element-populated\">\n\t\t\t\t\t\t\t\t<div class=\"elementor-element elementor-element-1a1cb70 elementor-widget elementor-widget-heading\" data-id=\"1a1cb70\" data-element_type=\"widget\" data-widget_type=\"heading.default\">\n\t\t\t\t<div class=\"elementor-widget-container\">\n\t\t\t<h2 class=\"elementor-heading-title elementor-size-default\">Makina Park\u0131m\u0131z<\/h2>\t\t<\/div>\n\t\t\t\t<\/div>\n\t\t\t\t<div class=\"elementor-element elementor-element-77c7525 elementor-widget elementor-widget-text-editor\" data-id=\"77c7525\" data-element_type=\"widget\" data-widget_type=\"text-editor.default\">\n\t\t\t\t<div class=\"elementor-widget-container\">\n\t\t\t\t\t\t\t<p align=\"justify\">Bu alanda g\u00fcncelleme \u00e7al\u0131\u015fmalar\u0131 yap\u0131lmaktad\u0131r.<\/p><table border=\"1\" width=\"98%\" cellspacing=\"1\"><tbody><tr><td width=\"34%\"><p align=\"center\"><b>\u00a0TANIM<\/b><\/p><\/td><td width=\"16%\"><p align=\"center\"><b>X<\/b><\/p><\/td><td width=\"15%\"><p align=\"center\"><b>\u00a0<\/b><b>Y<\/b><\/p><\/td><td width=\"14%\"><p align=\"center\"><b>Z<\/b><\/p><\/td><td width=\"18%\"><p align=\"center\"><b>\u00a0TABLA Y\u00dcK\u00dc<\/b><\/p><\/td><\/tr><tr><td>500 Ton Eksantrik Pres \/ Otomatik Sac s\u00fcr\u00fcc\u00fcl\u00fc (830 mm)<\/td><td align=\"center\">3000<\/td><td align=\"center\">1500<\/td><td align=\"center\">700<\/td><td align=\"center\">5000<\/td><\/tr><tr><td>CNC K\u00d6PR\u00dc T\u0130P\u0130 D\u0130K \u0130\u015eLEME MERKEZ\u0130<\/td><td align=\"center\">3000<\/td><td align=\"center\">1500<\/td><td align=\"center\">950<\/td><td align=\"center\">5000<\/td><\/tr><tr><td>CNC D\u0130K \u0130\u015eLEME MERKEZ\u0130<\/td><td align=\"center\">1300<\/td><td align=\"center\">750<\/td><td align=\"center\">600<\/td><td align=\"center\">1000<\/td><\/tr><tr><td>CNC D\u0130K \u0130\u015eLEME MERKEZ\u0130<\/td><td align=\"center\">1000<\/td><td align=\"center\">550<\/td><td align=\"center\">500<\/td><td align=\"center\">1000<\/td><\/tr><tr><td>CNC D\u0130K \u0130\u015eLEME MERKEZ\u0130<\/td><td align=\"center\">500<\/td><td align=\"center\">400<\/td><td align=\"center\">500<\/td><td align=\"center\">600<\/td><\/tr><tr><td>CNC TEL EREZYON<\/td><td align=\"center\">600<\/td><td align=\"center\">400<\/td><td align=\"center\">400<\/td><td align=\"center\">1500<\/td><\/tr><tr><td>\u011eN\u0130VERSAL TORNA<\/td><td align=\"center\">1200<\/td><td align=\"center\">500<\/td><td align=\"center\">450<\/td><td align=\"center\">1000<\/td><\/tr><tr><td>SATIH TA\u015eLAMA<\/td><td align=\"center\">65D<\/td><td align=\"center\">300<\/td><td align=\"center\">400<\/td><td align=\"center\">500<\/td><\/tr><tr><td>\u00dcN\u0130VERSAL TORNA<\/td><td colspan=\"4\" align=\"center\">\u00d8 500&#215;1500<\/td><\/tr><tr><td>V\u0130N\u00c7<\/td><td colspan=\"4\" align=\"center\">10 TON<\/td><\/tr><\/tbody><\/table>\t\t\t\t\t\t<\/div>\n\t\t\t\t<\/div>\n\t\t\t\t\t<\/div>\n\t\t<\/div>\n\t\t\t\t\t\t\t<\/div>\n\t\t<\/section>\n\t\t\t\t\t\t\t<\/div>\n\t\t","protected":false},"excerpt":{"rendered":"<p>TMK Makina &#8211; Kal\u0131p Sekt\u00f6r\u00fcnde Uzmanl\u0131k Kal\u0131p Sekt\u00f6r\u00fcn\u00fcn Lideri Kal\u0131p sekt\u00f6r\u00fcne 2006 y\u0131l\u0131nda TEKN\u0130K MAK\u0130NA ad\u0131 alt\u0131nda ba\u015flayan firmam\u0131z bu sekt\u00f6rde \u00e7al\u0131\u015fmalar\u0131na sac kal\u0131plar\u0131 imalat\u0131 ve yedek par\u00e7a imalatlar\u0131 konular\u0131nda yapm\u0131\u015f oldu\u011fu \u00fcretimlerde ve yenilik\u00e7i de\u011fi\u015fimle 2011 y\u0131l\u0131nda TMK MAK\u0130NA KALIP SANAY\u0130 VE T\u0130CARET L\u0130M\u0130TED \u015e\u0130RKET\u0130 olarak faaliyetlerini s\u00fcrd\u00fcrmektedir. TMK Makina beyaz e\u015fya,elektrik ve otomotiv [&hellip;]<\/p>\n","protected":false},"author":2,"featured_media":0,"parent":326,"menu_order":0,"comment_status":"closed","ping_status":"closed","template":"","meta":{"footnotes":""},"class_list":["post-400","page","type-page","status-publish","hentry","entry"],"_links":{"self":[{"href":"https:\/\/tmkmakine.com\/tr\/wp-json\/wp\/v2\/pages\/400","targetHints":{"allow":["GET"]}}],"collection":[{"href":"https:\/\/tmkmakine.com\/tr\/wp-json\/wp\/v2\/pages"}],"about":[{"href":"https:\/\/tmkmakine.com\/tr\/wp-json\/wp\/v2\/types\/page"}],"author":[{"embeddable":true,"href":"https:\/\/tmkmakine.com\/tr\/wp-json\/wp\/v2\/users\/2"}],"replies":[{"embeddable":true,"href":"https:\/\/tmkmakine.com\/tr\/wp-json\/wp\/v2\/comments?post=400"}],"version-history":[{"count":14,"href":"https:\/\/tmkmakine.com\/tr\/wp-json\/wp\/v2\/pages\/400\/revisions"}],"predecessor-version":[{"id":1261,"href":"https:\/\/tmkmakine.com\/tr\/wp-json\/wp\/v2\/pages\/400\/revisions\/1261"}],"up":[{"embeddable":true,"href":"https:\/\/tmkmakine.com\/tr\/wp-json\/wp\/v2\/pages\/326"}],"wp:attachment":[{"href":"https:\/\/tmkmakine.com\/tr\/wp-json\/wp\/v2\/media?parent=400"}],"curies":[{"name":"wp","href":"https:\/\/api.w.org\/{rel}","templated":true}]}}