{"id":390,"date":"2022-12-03T14:33:01","date_gmt":"2022-12-03T11:33:01","guid":{"rendered":"https:\/\/tmkmakine.com\/?page_id=390"},"modified":"2023-01-26T16:54:05","modified_gmt":"2023-01-26T13:54:05","slug":"sac-pres-baski","status":"publish","type":"page","link":"https:\/\/tmkmakine.com\/tr\/hizmetler\/sac-pres-baski\/","title":{"rendered":"Sac Bask\u0131 Par\u00e7a \u0130malat\u0131"},"content":{"rendered":"\t\t<div data-elementor-type=\"wp-page\" data-elementor-id=\"390\" class=\"elementor elementor-390\">\n\t\t\t\t\t\t\t\t\t<section class=\"elementor-section elementor-top-section elementor-element elementor-element-4a96f44c elementor-section-boxed elementor-section-height-default elementor-section-height-default\" data-id=\"4a96f44c\" data-element_type=\"section\" data-settings=\"{&quot;_ha_eqh_enable&quot;:false}\">\n\t\t\t\t\t\t<div class=\"elementor-container elementor-column-gap-default\">\n\t\t\t\t\t<div class=\"elementor-column elementor-col-50 elementor-top-column elementor-element elementor-element-7becaf6a\" data-id=\"7becaf6a\" data-element_type=\"column\">\n\t\t\t<div class=\"elementor-widget-wrap elementor-element-populated\">\n\t\t\t\t\t\t\t\t<div class=\"elementor-element elementor-element-484d6c27 elementor-widget elementor-widget-heading\" data-id=\"484d6c27\" data-element_type=\"widget\" data-widget_type=\"heading.default\">\n\t\t\t\t<div class=\"elementor-widget-container\">\n\t\t\t<style>\/*! elementor - v3.9.2 - 21-12-2022 *\/\n.elementor-heading-title{padding:0;margin:0;line-height:1}.elementor-widget-heading .elementor-heading-title[class*=elementor-size-]>a{color:inherit;font-size:inherit;line-height:inherit}.elementor-widget-heading .elementor-heading-title.elementor-size-small{font-size:15px}.elementor-widget-heading .elementor-heading-title.elementor-size-medium{font-size:19px}.elementor-widget-heading .elementor-heading-title.elementor-size-large{font-size:29px}.elementor-widget-heading .elementor-heading-title.elementor-size-xl{font-size:39px}.elementor-widget-heading .elementor-heading-title.elementor-size-xxl{font-size:59px}<\/style><h2 class=\"elementor-heading-title elementor-size-default\">Sac Metal Par\u00e7a \u0130malat\u0131 ile Hizmetinizdeyiz<\/h2>\t\t<\/div>\n\t\t\t\t<\/div>\n\t\t\t\t<div class=\"elementor-element elementor-element-74d62e32 elementor-widget elementor-widget-text-editor\" data-id=\"74d62e32\" data-element_type=\"widget\" data-widget_type=\"text-editor.default\">\n\t\t\t\t<div class=\"elementor-widget-container\">\n\t\t\t<style>\/*! elementor - v3.9.2 - 21-12-2022 *\/\n.elementor-widget-text-editor.elementor-drop-cap-view-stacked .elementor-drop-cap{background-color:#818a91;color:#fff}.elementor-widget-text-editor.elementor-drop-cap-view-framed .elementor-drop-cap{color:#818a91;border:3px solid;background-color:transparent}.elementor-widget-text-editor:not(.elementor-drop-cap-view-default) .elementor-drop-cap{margin-top:8px}.elementor-widget-text-editor:not(.elementor-drop-cap-view-default) .elementor-drop-cap-letter{width:1em;height:1em}.elementor-widget-text-editor .elementor-drop-cap{float:left;text-align:center;line-height:1;font-size:50px}.elementor-widget-text-editor .elementor-drop-cap-letter{display:inline-block}<\/style>\t\t\t\t<p>TMK Makina olarak sac bask\u0131 kal\u0131plar\u0131 tasar\u0131m ve imalat\u0131ndaki uzmanl\u0131\u011f\u0131m\u0131z ile m\u00fc\u015fterilerimize ayr\u0131ca sac metal par\u00e7alar\u0131n bas\u0131lmas\u0131 i\u00e7in de hizmet vermekteyiz.<\/p><ul><li>Seri \u00fcretim, montaj imalat\u0131 ve b\u00fcy\u00fck \u00f6l\u00e7\u00fclerde sac metal par\u00e7a \u00fcretimi yapmaktay\u0131z.<\/li><li>500 Ton &#8220;H&#8221; tipi otomatik s\u00fcr\u00fcc\u00fcl\u00fc eksantrik pres ile sac metal par\u00e7alar\u0131n pres bask\u0131 operasyonlar\u0131 yap\u0131lmaktad\u0131r<\/li><\/ul>\t\t\t\t\t\t<\/div>\n\t\t\t\t<\/div>\n\t\t\t\t<div class=\"elementor-element elementor-element-2084940c elementor-widget elementor-widget-image\" data-id=\"2084940c\" data-element_type=\"widget\" data-widget_type=\"image.default\">\n\t\t\t\t<div class=\"elementor-widget-container\">\n\t\t\t<style>\/*! elementor - v3.9.2 - 21-12-2022 *\/\n.elementor-widget-image{text-align:center}.elementor-widget-image a{display:inline-block}.elementor-widget-image a img[src$=\".svg\"]{width:48px}.elementor-widget-image img{vertical-align:middle;display:inline-block}<\/style>\t\t\t\t\t\t\t\t\t<figure class=\"wp-caption\">\n\t\t\t\t\t\t\t\t\t\t<img decoding=\"async\" src=\"https:\/\/tmkmakine.com\/wp-content\/uploads\/2022\/12\/hydraulic-press-500-tons.jpg\" title=\"\" alt=\"500 tons hydraulic press\" \/>\t\t\t\t\t\t\t\t\t\t\t<figcaption class=\"widget-image-caption wp-caption-text\">500 ton pres<\/figcaption>\n\t\t\t\t\t\t\t\t\t\t<\/figure>\n\t\t\t\t\t\t\t\t\t<\/div>\n\t\t\t\t<\/div>\n\t\t\t\t\t<\/div>\n\t\t<\/div>\n\t\t\t\t<div class=\"elementor-column elementor-col-50 elementor-top-column elementor-element elementor-element-90633d5\" data-id=\"90633d5\" data-element_type=\"column\">\n\t\t\t<div class=\"elementor-widget-wrap elementor-element-populated\">\n\t\t\t\t\t\t\t\t<div class=\"elementor-element elementor-element-0318c09 elementor-widget elementor-widget-image\" data-id=\"0318c09\" data-element_type=\"widget\" data-widget_type=\"image.default\">\n\t\t\t\t<div class=\"elementor-widget-container\">\n\t\t\t\t\t\t\t\t\t\t\t\t\t\t\t<img decoding=\"async\" src=\"https:\/\/tmkmakine.com\/wp-content\/uploads\/2022\/12\/press.jpg\" title=\"\" alt=\"\" \/>\t\t\t\t\t\t\t\t\t\t\t\t\t\t\t<\/div>\n\t\t\t\t<\/div>\n\t\t\t\t\t<\/div>\n\t\t<\/div>\n\t\t\t\t\t\t\t<\/div>\n\t\t<\/section>\n\t\t\t\t<section class=\"elementor-section elementor-top-section elementor-element elementor-element-61acaa05 elementor-section-boxed elementor-section-height-default elementor-section-height-default\" data-id=\"61acaa05\" data-element_type=\"section\" data-settings=\"{&quot;_ha_eqh_enable&quot;:false}\">\n\t\t\t\t\t\t<div class=\"elementor-container elementor-column-gap-default\">\n\t\t\t\t\t<div class=\"elementor-column elementor-col-100 elementor-top-column elementor-element elementor-element-54eca14c\" data-id=\"54eca14c\" data-element_type=\"column\">\n\t\t\t<div class=\"elementor-widget-wrap elementor-element-populated\">\n\t\t\t\t\t\t\t\t<div class=\"elementor-element elementor-element-1c24e04d elementor-widget elementor-widget-heading\" data-id=\"1c24e04d\" data-element_type=\"widget\" data-widget_type=\"heading.default\">\n\t\t\t\t<div class=\"elementor-widget-container\">\n\t\t\t<h2 class=\"elementor-heading-title elementor-size-default\">Sac Metal Par\u00e7a \u0130malat\u0131m\u0131zdan \u00d6rnek Par\u00e7alar<\/h2>\t\t<\/div>\n\t\t\t\t<\/div>\n\t\t\t\t<div class=\"elementor-element elementor-element-521ac537 gallery-spacing-custom elementor-widget elementor-widget-image-gallery\" data-id=\"521ac537\" data-element_type=\"widget\" data-widget_type=\"image-gallery.default\">\n\t\t\t\t<div class=\"elementor-widget-container\">\n\t\t\t<style>\/*! elementor - v3.9.2 - 21-12-2022 *\/\n.elementor-image-gallery .gallery-item{display:inline-block;text-align:center;vertical-align:top;width:100%;max-width:100%;margin:0 auto}.elementor-image-gallery .gallery-item img{margin:0 auto}.elementor-image-gallery .gallery-item .gallery-caption{margin:0}.elementor-image-gallery figure img{display:block}.elementor-image-gallery figure figcaption{width:100%}.gallery-spacing-custom .elementor-image-gallery .gallery-icon{padding:0}@media (min-width:768px){.elementor-image-gallery .gallery-columns-2 .gallery-item{max-width:50%}.elementor-image-gallery .gallery-columns-3 .gallery-item{max-width:33.33%}.elementor-image-gallery .gallery-columns-4 .gallery-item{max-width:25%}.elementor-image-gallery .gallery-columns-5 .gallery-item{max-width:20%}.elementor-image-gallery .gallery-columns-6 .gallery-item{max-width:16.666%}.elementor-image-gallery .gallery-columns-7 .gallery-item{max-width:14.28%}.elementor-image-gallery .gallery-columns-8 .gallery-item{max-width:12.5%}.elementor-image-gallery .gallery-columns-9 .gallery-item{max-width:11.11%}.elementor-image-gallery .gallery-columns-10 .gallery-item{max-width:10%}}@media (min-width:480px) and (max-width:767px){.elementor-image-gallery .gallery.gallery-columns-2 .gallery-item,.elementor-image-gallery .gallery.gallery-columns-3 .gallery-item,.elementor-image-gallery .gallery.gallery-columns-4 .gallery-item,.elementor-image-gallery .gallery.gallery-columns-5 .gallery-item,.elementor-image-gallery .gallery.gallery-columns-6 .gallery-item,.elementor-image-gallery .gallery.gallery-columns-7 .gallery-item,.elementor-image-gallery .gallery.gallery-columns-8 .gallery-item,.elementor-image-gallery .gallery.gallery-columns-9 .gallery-item,.elementor-image-gallery .gallery.gallery-columns-10 .gallery-item{max-width:50%}}@media (max-width:479px){.elementor-image-gallery .gallery.gallery-columns-2 .gallery-item,.elementor-image-gallery .gallery.gallery-columns-3 .gallery-item,.elementor-image-gallery .gallery.gallery-columns-4 .gallery-item,.elementor-image-gallery .gallery.gallery-columns-5 .gallery-item,.elementor-image-gallery .gallery.gallery-columns-6 .gallery-item,.elementor-image-gallery .gallery.gallery-columns-7 .gallery-item,.elementor-image-gallery .gallery.gallery-columns-8 .gallery-item,.elementor-image-gallery .gallery.gallery-columns-9 .gallery-item,.elementor-image-gallery .gallery.gallery-columns-10 .gallery-item{max-width:100%}}<\/style>\t\t<div class=\"elementor-image-gallery\">\n\t\t\t<div id='gallery-1' class='gallery galleryid-390 gallery-columns-5 gallery-size-medium'><figure class='gallery-item'>\n\t\t\t<div class='gallery-icon landscape'>\n\t\t\t\t<a data-elementor-open-lightbox=\"yes\" data-elementor-lightbox-slideshow=\"521ac537\" data-elementor-lightbox-title=\"sac-metal-parca-baski\" e-action-hash=\"#elementor-action%3Aaction%3Dlightbox%26settings%3DeyJpZCI6MTI3NCwidXJsIjoiaHR0cHM6XC9cL3Rta21ha2luZS5jb21cL3RyXC93cC1jb250ZW50XC91cGxvYWRzXC8yMDIzXC8wMVwvc2FjLW1ldGFsLXBhcmNhLWJhc2tpLmpwZyIsInNsaWRlc2hvdyI6IjUyMWFjNTM3In0%3D\" href='https:\/\/tmkmakine.com\/tr\/wp-content\/uploads\/2023\/01\/sac-metal-parca-baski.jpg'><img loading=\"lazy\" decoding=\"async\" width=\"300\" height=\"225\" src=\"https:\/\/tmkmakine.com\/tr\/wp-content\/uploads\/2023\/01\/sac-metal-parca-baski-300x225.jpg\" class=\"attachment-medium size-medium\" alt=\"\" srcset=\"https:\/\/tmkmakine.com\/tr\/wp-content\/uploads\/2023\/01\/sac-metal-parca-baski-300x225.jpg 300w, https:\/\/tmkmakine.com\/tr\/wp-content\/uploads\/2023\/01\/sac-metal-parca-baski-768x576.jpg 768w, https:\/\/tmkmakine.com\/tr\/wp-content\/uploads\/2023\/01\/sac-metal-parca-baski.jpg 800w\" sizes=\"auto, (max-width: 300px) 100vw, 300px\" \/><\/a>\n\t\t\t<\/div><\/figure><figure class='gallery-item'>\n\t\t\t<div class='gallery-icon landscape'>\n\t\t\t\t<a data-elementor-open-lightbox=\"yes\" data-elementor-lightbox-slideshow=\"521ac537\" data-elementor-lightbox-title=\"sac-metal-parca-baski-1\" e-action-hash=\"#elementor-action%3Aaction%3Dlightbox%26settings%3DeyJpZCI6MTI3NSwidXJsIjoiaHR0cHM6XC9cL3Rta21ha2luZS5jb21cL3RyXC93cC1jb250ZW50XC91cGxvYWRzXC8yMDIzXC8wMVwvc2FjLW1ldGFsLXBhcmNhLWJhc2tpLTEuanBnIiwic2xpZGVzaG93IjoiNTIxYWM1MzcifQ%3D%3D\" href='https:\/\/tmkmakine.com\/tr\/wp-content\/uploads\/2023\/01\/sac-metal-parca-baski-1.jpg'><img loading=\"lazy\" decoding=\"async\" width=\"300\" height=\"225\" src=\"https:\/\/tmkmakine.com\/tr\/wp-content\/uploads\/2023\/01\/sac-metal-parca-baski-1-300x225.jpg\" class=\"attachment-medium size-medium\" alt=\"\" srcset=\"https:\/\/tmkmakine.com\/tr\/wp-content\/uploads\/2023\/01\/sac-metal-parca-baski-1-300x225.jpg 300w, https:\/\/tmkmakine.com\/tr\/wp-content\/uploads\/2023\/01\/sac-metal-parca-baski-1-768x576.jpg 768w, https:\/\/tmkmakine.com\/tr\/wp-content\/uploads\/2023\/01\/sac-metal-parca-baski-1.jpg 800w\" sizes=\"auto, (max-width: 300px) 100vw, 300px\" \/><\/a>\n\t\t\t<\/div><\/figure><figure class='gallery-item'>\n\t\t\t<div class='gallery-icon landscape'>\n\t\t\t\t<a data-elementor-open-lightbox=\"yes\" data-elementor-lightbox-slideshow=\"521ac537\" data-elementor-lightbox-title=\"sac-metal-parca-baski-2\" e-action-hash=\"#elementor-action%3Aaction%3Dlightbox%26settings%3DeyJpZCI6MTI3NiwidXJsIjoiaHR0cHM6XC9cL3Rta21ha2luZS5jb21cL3RyXC93cC1jb250ZW50XC91cGxvYWRzXC8yMDIzXC8wMVwvc2FjLW1ldGFsLXBhcmNhLWJhc2tpLTIuanBnIiwic2xpZGVzaG93IjoiNTIxYWM1MzcifQ%3D%3D\" href='https:\/\/tmkmakine.com\/tr\/wp-content\/uploads\/2023\/01\/sac-metal-parca-baski-2.jpg'><img loading=\"lazy\" decoding=\"async\" width=\"300\" height=\"225\" src=\"https:\/\/tmkmakine.com\/tr\/wp-content\/uploads\/2023\/01\/sac-metal-parca-baski-2-300x225.jpg\" class=\"attachment-medium size-medium\" alt=\"\" srcset=\"https:\/\/tmkmakine.com\/tr\/wp-content\/uploads\/2023\/01\/sac-metal-parca-baski-2-300x225.jpg 300w, https:\/\/tmkmakine.com\/tr\/wp-content\/uploads\/2023\/01\/sac-metal-parca-baski-2-768x576.jpg 768w, https:\/\/tmkmakine.com\/tr\/wp-content\/uploads\/2023\/01\/sac-metal-parca-baski-2.jpg 800w\" sizes=\"auto, (max-width: 300px) 100vw, 300px\" \/><\/a>\n\t\t\t<\/div><\/figure><figure class='gallery-item'>\n\t\t\t<div class='gallery-icon landscape'>\n\t\t\t\t<a data-elementor-open-lightbox=\"yes\" data-elementor-lightbox-slideshow=\"521ac537\" data-elementor-lightbox-title=\"sac-metal-parca-baski-3\" e-action-hash=\"#elementor-action%3Aaction%3Dlightbox%26settings%3DeyJpZCI6MTI3NywidXJsIjoiaHR0cHM6XC9cL3Rta21ha2luZS5jb21cL3RyXC93cC1jb250ZW50XC91cGxvYWRzXC8yMDIzXC8wMVwvc2FjLW1ldGFsLXBhcmNhLWJhc2tpLTMuanBnIiwic2xpZGVzaG93IjoiNTIxYWM1MzcifQ%3D%3D\" href='https:\/\/tmkmakine.com\/tr\/wp-content\/uploads\/2023\/01\/sac-metal-parca-baski-3.jpg'><img loading=\"lazy\" decoding=\"async\" width=\"300\" height=\"225\" src=\"https:\/\/tmkmakine.com\/tr\/wp-content\/uploads\/2023\/01\/sac-metal-parca-baski-3-300x225.jpg\" class=\"attachment-medium size-medium\" alt=\"\" srcset=\"https:\/\/tmkmakine.com\/tr\/wp-content\/uploads\/2023\/01\/sac-metal-parca-baski-3-300x225.jpg 300w, https:\/\/tmkmakine.com\/tr\/wp-content\/uploads\/2023\/01\/sac-metal-parca-baski-3-768x576.jpg 768w, https:\/\/tmkmakine.com\/tr\/wp-content\/uploads\/2023\/01\/sac-metal-parca-baski-3.jpg 800w\" sizes=\"auto, (max-width: 300px) 100vw, 300px\" \/><\/a>\n\t\t\t<\/div><\/figure><figure class='gallery-item'>\n\t\t\t<div class='gallery-icon landscape'>\n\t\t\t\t<a data-elementor-open-lightbox=\"yes\" data-elementor-lightbox-slideshow=\"521ac537\" data-elementor-lightbox-title=\"sac-metal-parca-baski-4\" e-action-hash=\"#elementor-action%3Aaction%3Dlightbox%26settings%3DeyJpZCI6MTI3OCwidXJsIjoiaHR0cHM6XC9cL3Rta21ha2luZS5jb21cL3RyXC93cC1jb250ZW50XC91cGxvYWRzXC8yMDIzXC8wMVwvc2FjLW1ldGFsLXBhcmNhLWJhc2tpLTQuanBnIiwic2xpZGVzaG93IjoiNTIxYWM1MzcifQ%3D%3D\" href='https:\/\/tmkmakine.com\/tr\/wp-content\/uploads\/2023\/01\/sac-metal-parca-baski-4.jpg'><img loading=\"lazy\" decoding=\"async\" width=\"300\" height=\"225\" src=\"https:\/\/tmkmakine.com\/tr\/wp-content\/uploads\/2023\/01\/sac-metal-parca-baski-4-300x225.jpg\" class=\"attachment-medium size-medium\" alt=\"\" srcset=\"https:\/\/tmkmakine.com\/tr\/wp-content\/uploads\/2023\/01\/sac-metal-parca-baski-4-300x225.jpg 300w, https:\/\/tmkmakine.com\/tr\/wp-content\/uploads\/2023\/01\/sac-metal-parca-baski-4-768x576.jpg 768w, https:\/\/tmkmakine.com\/tr\/wp-content\/uploads\/2023\/01\/sac-metal-parca-baski-4.jpg 800w\" sizes=\"auto, (max-width: 300px) 100vw, 300px\" \/><\/a>\n\t\t\t<\/div><\/figure>\n\t\t<\/div>\n\t\t<\/div>\n\t\t\t\t<\/div>\n\t\t\t\t<\/div>\n\t\t\t\t\t<\/div>\n\t\t<\/div>\n\t\t\t\t\t\t\t<\/div>\n\t\t<\/section>\n\t\t\t\t\t\t\t<\/div>\n\t\t","protected":false},"excerpt":{"rendered":"<p>Sac Metal Par\u00e7a \u0130malat\u0131 ile Hizmetinizdeyiz TMK Makina olarak sac bask\u0131 kal\u0131plar\u0131 tasar\u0131m ve imalat\u0131ndaki uzmanl\u0131\u011f\u0131m\u0131z ile m\u00fc\u015fterilerimize ayr\u0131ca sac metal par\u00e7alar\u0131n bas\u0131lmas\u0131 i\u00e7in de hizmet vermekteyiz. Seri \u00fcretim, montaj imalat\u0131 ve b\u00fcy\u00fck \u00f6l\u00e7\u00fclerde sac metal par\u00e7a \u00fcretimi yapmaktay\u0131z. 500 Ton &#8220;H&#8221; tipi otomatik s\u00fcr\u00fcc\u00fcl\u00fc eksantrik pres ile sac metal par\u00e7alar\u0131n pres bask\u0131 operasyonlar\u0131 yap\u0131lmaktad\u0131r [&hellip;]<\/p>\n","protected":false},"author":2,"featured_media":0,"parent":328,"menu_order":0,"comment_status":"closed","ping_status":"closed","template":"","meta":{"footnotes":""},"class_list":["post-390","page","type-page","status-publish","hentry","entry"],"_links":{"self":[{"href":"https:\/\/tmkmakine.com\/tr\/wp-json\/wp\/v2\/pages\/390","targetHints":{"allow":["GET"]}}],"collection":[{"href":"https:\/\/tmkmakine.com\/tr\/wp-json\/wp\/v2\/pages"}],"about":[{"href":"https:\/\/tmkmakine.com\/tr\/wp-json\/wp\/v2\/types\/page"}],"author":[{"embeddable":true,"href":"https:\/\/tmkmakine.com\/tr\/wp-json\/wp\/v2\/users\/2"}],"replies":[{"embeddable":true,"href":"https:\/\/tmkmakine.com\/tr\/wp-json\/wp\/v2\/comments?post=390"}],"version-history":[{"count":7,"href":"https:\/\/tmkmakine.com\/tr\/wp-json\/wp\/v2\/pages\/390\/revisions"}],"predecessor-version":[{"id":1284,"href":"https:\/\/tmkmakine.com\/tr\/wp-json\/wp\/v2\/pages\/390\/revisions\/1284"}],"up":[{"embeddable":true,"href":"https:\/\/tmkmakine.com\/tr\/wp-json\/wp\/v2\/pages\/328"}],"wp:attachment":[{"href":"https:\/\/tmkmakine.com\/tr\/wp-json\/wp\/v2\/media?parent=390"}],"curies":[{"name":"wp","href":"https:\/\/api.w.org\/{rel}","templated":true}]}}